{"id":1586,"date":"2020-07-08T21:48:01","date_gmt":"2020-07-08T19:48:01","guid":{"rendered":"https:\/\/www.hno-f.de\/?page_id=1586"},"modified":"2023-05-08T11:18:29","modified_gmt":"2023-05-08T09:18:29","slug":"dr-schramm","status":"publish","type":"page","link":"https:\/\/www.hno-f.de\/en\/dr-schramm\/","title":{"rendered":"Dr. Burmeister"},"content":{"rendered":"<section class=\"l-section wpb_row height_medium parallax_fixed\"><div class=\"l-section-h i-cf\"><div class=\"g-cols vc_row via_grid cols_1-2 laptops-cols_inherit tablets-cols_inherit mobiles-cols_1 valign_top type_default stacking_default\"><div class=\"wpb_column vc_column_container\"><div class=\"vc_column-inner\"><div class=\"w-image align_none\"><div class=\"w-image-h\"><img decoding=\"async\" width=\"683\" height=\"1024\" src=\"https:\/\/www.hno-f.de\/wp-content\/uploads\/2019\/07\/burmeister-683x1024.jpg\" class=\"attachment-large size-large\" alt=\"\" loading=\"lazy\" srcset=\"https:\/\/www.hno-f.de\/wp-content\/uploads\/2019\/07\/burmeister-683x1024.jpg 683w, https:\/\/www.hno-f.de\/wp-content\/uploads\/2019\/07\/burmeister-200x300.jpg 200w, https:\/\/www.hno-f.de\/wp-content\/uploads\/2019\/07\/burmeister.jpg 1024w\" sizes=\"auto, (max-width: 683px) 100vw, 683px\" \/><\/div><\/div><\/div><\/div><div class=\"wpb_column vc_column_container\"><div class=\"vc_column-inner\"><div class=\"wpb_text_column\"><div class=\"wpb_wrapper\"><h2>Dr. Miriam Schramm (formerly Burmeister)<\/h2>\n<h3>Curriculum Vitae Dr. Schramm<\/h3>\n<\/div><\/div><div class=\"wpb_text_column\"><div class=\"wpb_wrapper\"><p><strong>Universit\u00e4tsausbildung<\/strong><\/p>\n<ul>\n<li>2013: Dissertation<\/li>\n<li>2010: Erhalt der Approbation und \u00e4rztliche Pr\u00fcfung, Medizinische Fakult\u00e4t Mannheim der Universit\u00e4t Heidelberg<\/li>\n<\/ul>\n<\/div><\/div><div class=\"wpb_text_column\"><div class=\"wpb_wrapper\"><p><strong>Auslandsaufenthalt <\/strong><\/p>\n<ul>\n<li>2018: Rikshospitalet (Universit\u00e4tsklinik), Oslo, Norwegen<\/li>\n<\/ul>\n<\/div><\/div><\/div><\/div><\/div><\/div><\/section><section class=\"l-section wpb_row height_auto\"><div class=\"l-section-h i-cf\"><div class=\"g-cols vc_row via_grid cols_2 laptops-cols_inherit tablets-cols_inherit mobiles-cols_1 valign_top type_default stacking_default\"><div class=\"wpb_column vc_column_container\"><div class=\"vc_column-inner\"><div class=\"wpb_text_column ab_doc_box_innen\"><div class=\"wpb_wrapper\"><p><strong>Beruflicher Werdegang <\/strong><\/p>\n<ul>\n<li>seit 07\/2019: Partnerin in der Praxisgemeinschaft HNO T\u00f6ngesgasse, Frankfurt<\/li>\n<li>2018: Ern\u00e4hrungsmedizinerin DAEM\/DGEM<\/li>\n<li>2018: Erlangung der Zusatzqualifikation Allergologie<\/li>\n<li>seit 2018: Fach\u00e4rztin f\u00fcr Hals-Nasen-Ohrenheilkunde in der HNO Praxis Dreieich, Dr. Elke Decot<\/li>\n<li>2016-2017: Ambulanzleitung an der Klinik f\u00fcr Hals-Nasen-Ohrenheilkunde, Kopf-Hals Chirurgie, Helios Dr. Horst-Schmidt-Kliniken, Wiesbaden<\/li>\n<li>2016: Fach\u00e4rztin f\u00fcr Hals-Nasen-Ohrenheilkunde<\/li>\n<li>2015: Pr\u00fcf\u00e4rztin, interdiziplin\u00e4res Zentrum klinische Studien Mainz<\/li>\n<\/ul>\n<\/div><\/div><div class=\"wpb_text_column ab_doc_box_innen\"><div class=\"wpb_wrapper\"><p><strong>Mitgliedschaften <\/strong><\/p>\n<ul>\n<li>Deutsche Gesellschaft f\u00fcr Hals-Nasen-Ohren-Heilkunde, Kopf- und Hals-Chirurgie e.V., Bonn<\/li>\n<li>Deutsche Gesellschaft f\u00fcr Allergologie und klinische Immunologie<\/li>\n<li>Deutsche Gesellschaft f\u00fcr Schlafforschung und Schlafmedizin<\/li>\n<li>Deutsche Gesellschaft f\u00fcr \u00e4sthetische Botulinumtoxin Therapie<\/li>\n<li>Deutsche Gesellschaft f\u00fcr Ern\u00e4hrungsmedizin<\/li>\n<\/ul>\n<\/div><\/div><div class=\"w-separator size_custom\" style=\"height:30px\"><\/div><div class=\"w-grid ab_logo_slider type_carousel layout_1243\" id=\"us_grid_1\"><style>.layout_1243 .w-grid-item-h{}.layout_1243 .usg_post_image_1{margin-bottom:0.5rem!important}<\/style><div class=\"w-grid-list owl-carousel valign_middle dotstyle_circle navstyle_block navpos_inside owl-responsive-2000 with_arrows\" style=\"--transition-duration:350ms;--arrows-size:1.5rem;\">\t<article class=\"w-grid-item post-1240 attachment type-attachment status-inherit hentry\" data-id=\"1240\">\r\n\t\t<div class=\"w-grid-item-h\">\r\n\t\t\t\t\t\t<div class=\"w-post-elm post_image usg_post_image_1\"><a href=\"https:\/\/www.hno-f.de\/en\/dgem-2\/\" aria-label=\"dgem\"><img loading=\"lazy\" decoding=\"async\" width=\"300\" height=\"79\" src=\"https:\/\/www.hno-f.de\/wp-content\/uploads\/2019\/07\/dgem-300x79.png\" class=\"attachment-medium size-medium\" alt=\"\" srcset=\"https:\/\/www.hno-f.de\/wp-content\/uploads\/2019\/07\/dgem-300x79.png 300w, https:\/\/www.hno-f.de\/wp-content\/uploads\/2019\/07\/dgem.png 600w\" sizes=\"auto, (max-width: 300px) 100vw, 300px\" \/><\/a><\/div>\t\t<\/div>\r\n\t\t\t<\/article>\r\n\t<article class=\"w-grid-item post-1236 attachment type-attachment status-inherit hentry\" data-id=\"1236\">\r\n\t\t<div class=\"w-grid-item-h\">\r\n\t\t\t\t\t\t<div class=\"w-post-elm post_image usg_post_image_1\"><a href=\"https:\/\/www.hno-f.de\/en\/dgaki-2\/\" aria-label=\"dgaki\"><img loading=\"lazy\" decoding=\"async\" width=\"197\" height=\"133\" src=\"https:\/\/www.hno-f.de\/wp-content\/uploads\/2019\/07\/dgaki.png\" class=\"attachment-medium size-medium\" alt=\"\" \/><\/a><\/div>\t\t<\/div>\r\n\t\t\t<\/article>\r\n\t<article class=\"w-grid-item post-1238 attachment type-attachment status-inherit hentry\" data-id=\"1238\">\r\n\t\t<div class=\"w-grid-item-h\">\r\n\t\t\t\t\t\t<div class=\"w-post-elm post_image usg_post_image_1\"><a href=\"https:\/\/www.hno-f.de\/en\/medithek-2\/\" aria-label=\"Medithek\"><img loading=\"lazy\" decoding=\"async\" width=\"300\" height=\"53\" src=\"https:\/\/www.hno-f.de\/wp-content\/uploads\/2019\/07\/Medithek-300x53.png\" class=\"attachment-medium size-medium\" alt=\"\" srcset=\"https:\/\/www.hno-f.de\/wp-content\/uploads\/2019\/07\/Medithek-300x53.png 300w, https:\/\/www.hno-f.de\/wp-content\/uploads\/2019\/07\/Medithek.png 600w\" sizes=\"auto, (max-width: 300px) 100vw, 300px\" \/><\/a><\/div>\t\t<\/div>\r\n\t\t\t<\/article>\r\n\t<article class=\"w-grid-item post-1234 attachment type-attachment status-inherit hentry\" data-id=\"1234\">\r\n\t\t<div class=\"w-grid-item-h\">\r\n\t\t\t\t\t\t<div class=\"w-post-elm post_image usg_post_image_1\"><a href=\"https:\/\/www.hno-f.de\/en\/dgsm-2\/\" aria-label=\"dgsm\"><img loading=\"lazy\" decoding=\"async\" width=\"200\" height=\"200\" src=\"https:\/\/www.hno-f.de\/wp-content\/uploads\/2019\/07\/dgsm.png\" class=\"attachment-medium size-medium\" alt=\"\" srcset=\"https:\/\/www.hno-f.de\/wp-content\/uploads\/2019\/07\/dgsm.png 200w, https:\/\/www.hno-f.de\/wp-content\/uploads\/2019\/07\/dgsm-150x150.png 150w\" sizes=\"auto, (max-width: 200px) 100vw, 200px\" \/><\/a><\/div>\t\t<\/div>\r\n\t\t\t<\/article>\r\n\t<article class=\"w-grid-item post-1232 attachment type-attachment status-inherit hentry\" data-id=\"1232\">\r\n\t\t<div class=\"w-grid-item-h\">\r\n\t\t\t\t\t\t<div class=\"w-post-elm post_image usg_post_image_1\"><a href=\"https:\/\/www.hno-f.de\/en\/dgbt-2\/\" aria-label=\"dgbt\"><img loading=\"lazy\" decoding=\"async\" width=\"300\" height=\"115\" src=\"https:\/\/www.hno-f.de\/wp-content\/uploads\/2019\/07\/dgbt-300x115.png\" class=\"attachment-medium size-medium\" alt=\"\" srcset=\"https:\/\/www.hno-f.de\/wp-content\/uploads\/2019\/07\/dgbt-300x115.png 300w, https:\/\/www.hno-f.de\/wp-content\/uploads\/2019\/07\/dgbt.png 630w\" sizes=\"auto, (max-width: 300px) 100vw, 300px\" \/><\/a><\/div>\t\t<\/div>\r\n\t\t\t<\/article>\r\n<\/div>\t<div class=\"g-preloader type_1\">\r\n\t\t<div><\/div>\r\n\t<\/div>\r\n\t\t<div class=\"w-grid-json hidden\" onclick='return {&quot;action&quot;:&quot;us_ajax_grid&quot;,&quot;infinite_scroll&quot;:0,&quot;max_num_pages&quot;:1,&quot;pagination&quot;:&quot;none&quot;,&quot;template_vars&quot;:{&quot;columns&quot;:&quot;&quot;,&quot;exclude_items&quot;:&quot;none&quot;,&quot;img_size&quot;:&quot;default&quot;,&quot;ignore_items_size&quot;:0,&quot;items_layout&quot;:&quot;1243&quot;,&quot;items_offset&quot;:&quot;0px&quot;,&quot;load_animation&quot;:&quot;none&quot;,&quot;overriding_link&quot;:&quot;{\\&quot;url\\&quot;:\\&quot;\\&quot;}&quot;,&quot;post_id&quot;:0,&quot;query_args&quot;:{&quot;post_type&quot;:[&quot;attachment&quot;],&quot;post__in&quot;:[&quot;1239&quot;,&quot;1237&quot;,&quot;1235&quot;,&quot;1233&quot;,&quot;1231&quot;],&quot;post_status&quot;:&quot;inherit&quot;,&quot;post_mime_type&quot;:&quot;image&quot;,&quot;posts_per_page&quot;:&quot;5&quot;},&quot;orderby_query_args&quot;:{&quot;orderby&quot;:{&quot;date&quot;:&quot;DESC&quot;}},&quot;type&quot;:&quot;carousel&quot;,&quot;us_grid_post_type&quot;:&quot;attachment&quot;,&quot;us_grid_ajax_index&quot;:1,&quot;us_grid_filter_query_string&quot;:null,&quot;us_grid_index&quot;:1,&quot;page_args&quot;:[],&quot;lang&quot;:&quot;en&quot;},&quot;carousel_settings&quot;:{&quot;aria_labels&quot;:{&quot;prev&quot;:&quot;Previous&quot;,&quot;next&quot;:&quot;Next&quot;},&quot;autoplayContinual&quot;:false,&quot;autoplayHoverPause&quot;:false,&quot;autoplayTimeout&quot;:2000,&quot;autoWidth&quot;:false,&quot;smartSpeed&quot;:350,&quot;margin&quot;:0,&quot;mouseDrag&quot;:true,&quot;rtl&quot;:false,&quot;slideBy&quot;:&quot;1&quot;,&quot;touchDrag&quot;:true,&quot;slideTransition&quot;:&quot;&quot;,&quot;responsive&quot;:{&quot;0&quot;:{&quot;autoHeight&quot;:false,&quot;autoplay&quot;:false,&quot;autoWidth&quot;:false,&quot;center&quot;:false,&quot;dots&quot;:false,&quot;items&quot;:1,&quot;loop&quot;:false,&quot;nav&quot;:false,&quot;stagePadding&quot;:0,&quot;slideBy&quot;:&quot;1&quot;},&quot;601&quot;:{&quot;items&quot;:1,&quot;autoplay&quot;:true,&quot;center&quot;:false,&quot;dots&quot;:false,&quot;nav&quot;:true,&quot;autoHeight&quot;:false,&quot;autoWidth&quot;:false,&quot;loop&quot;:true,&quot;stagePadding&quot;:0}}}}'><\/div>\r\n\t<\/div><\/div><\/div><div class=\"wpb_column vc_column_container ab_doc_box\"><div class=\"vc_column-inner\"><div class=\"wpb_text_column ab_doc_box_innen\"><div class=\"wpb_wrapper\"><h4>Office hours*<\/h4>\n<table style=\"height: 117px;\" width=\"426\">\n<tbody>\n<tr>\n<td width=\"80\">Mondays:<\/td>\n<td width=\"328\">8:30 AM to 12:30 PM<br \/>\n2:30 PM to 5:00 PM<\/td>\n<\/tr>\n<tr>\n<td>Tuesdays:<\/td>\n<td>by appointment onl<\/td>\n<\/tr>\n<tr>\n<td>Wednesdays and Thursdays:<\/td>\n<td>08:30 AM \u2013 12:30 PM<br \/>\n2:00 PM \u2013 5:00 PM<\/td>\n<\/tr>\n<tr>\n<td>Fridays:<\/td>\n<td>08:30 AM &#8211; 12:00 AM<\/td>\n<\/tr>\n<\/tbody>\n<\/table>\n<\/div><\/div><div class=\"w-separator size_custom\" style=\"height:10px\"><\/div><div class=\"wpb_text_column ab_doc_box_innen\"><div class=\"wpb_wrapper\"><p>Book your appointment now!<br \/>\nClick the button.<\/p>\n<p style=\"text-align: left;\"><a class=\"ab_button_light\" href=\"https:\/\/www.doctolib.de\/facharzt-fur-hno\/frankfurt-am-main\/miriam-burmeister\" target=\"_blank\" rel=\"noopener\">English speaking patient**<\/a><\/p>\n<\/div><\/div><div class=\"w-separator size_custom\" style=\"height:30px\"><\/div><div class=\"wpb_text_column ab_doc_box_innen\"><div class=\"wpb_wrapper\"><p>*Our aim is to have sufficient time for you and your children, which is why we accept patients by appointment only. However, in emergency cases we do our best to find an appointment as soon as possible.<\/p>\n<\/div><\/div><div class=\"wpb_text_column ab_doc_box_innen\"><div class=\"wpb_wrapper\"><p>**Appointments after hours are possible, please contact us.<\/p>\n<\/div><\/div><\/div><\/div><\/div><\/div><\/section><section class=\"l-section wpb_row height_medium\"><div class=\"l-section-h i-cf\"><div class=\"g-cols vc_row via_grid cols_1 laptops-cols_inherit tablets-cols_inherit mobiles-cols_1 valign_top type_default stacking_default\"><div class=\"wpb_column vc_column_container\"><div class=\"vc_column-inner\"><div class=\"w-separator size_custom\" style=\"height:40px\"><\/div><\/div><\/div><\/div><\/div><\/section>\n","protected":false},"excerpt":{"rendered":"","protected":false},"author":1,"featured_media":0,"parent":0,"menu_order":0,"comment_status":"closed","ping_status":"closed","template":"","meta":{"footnotes":""},"class_list":["post-1586","page","type-page","status-publish","hentry"],"_links":{"self":[{"href":"https:\/\/www.hno-f.de\/en\/wp-json\/wp\/v2\/pages\/1586","targetHints":{"allow":["GET"]}}],"collection":[{"href":"https:\/\/www.hno-f.de\/en\/wp-json\/wp\/v2\/pages"}],"about":[{"href":"https:\/\/www.hno-f.de\/en\/wp-json\/wp\/v2\/types\/page"}],"author":[{"embeddable":true,"href":"https:\/\/www.hno-f.de\/en\/wp-json\/wp\/v2\/users\/1"}],"replies":[{"embeddable":true,"href":"https:\/\/www.hno-f.de\/en\/wp-json\/wp\/v2\/comments?post=1586"}],"version-history":[{"count":5,"href":"https:\/\/www.hno-f.de\/en\/wp-json\/wp\/v2\/pages\/1586\/revisions"}],"predecessor-version":[{"id":1840,"href":"https:\/\/www.hno-f.de\/en\/wp-json\/wp\/v2\/pages\/1586\/revisions\/1840"}],"wp:attachment":[{"href":"https:\/\/www.hno-f.de\/en\/wp-json\/wp\/v2\/media?parent=1586"}],"curies":[{"name":"wp","href":"https:\/\/api.w.org\/{rel}","templated":true}]}}