{"id":1596,"date":"2020-07-08T22:07:12","date_gmt":"2020-07-08T20:07:12","guid":{"rendered":"https:\/\/www.hno-f.de\/?page_id=1596"},"modified":"2020-07-08T22:07:13","modified_gmt":"2020-07-08T20:07:13","slug":"further-information","status":"publish","type":"page","link":"https:\/\/www.hno-f.de\/en\/further-information\/","title":{"rendered":"Further Information"},"content":{"rendered":"<section class=\"l-section wpb_row height_medium\"><div class=\"l-section-h i-cf\"><div class=\"g-cols vc_row via_grid cols_2 laptops-cols_inherit tablets-cols_inherit mobiles-cols_1 valign_top type_default stacking_default\"><div class=\"wpb_column vc_column_container ab_grey_box\"><div class=\"vc_column-inner\"><div class=\"wpb_text_column ab_resp_gap\"><div class=\"wpb_wrapper\"><h2>Machen Sie einen Online-H\u00f6rtest von zu Hause.<\/h2>\n<\/div><\/div><div class=\"wpb_text_column ab_resp_gap\"><div class=\"wpb_wrapper\"><p>Sie brauchen nur einen Computer mit Audioausgabe und einen Internetzugang und schon k\u00f6nnen Sie einen H\u00f6rtest machen. Klicken Sie dazu auf einen der folgenden Links.<\/p>\n<p><a href=\"http:\/\/www.hear-the-world.com\" target=\"_blank\" rel=\"noopener noreferrer\">www.hear-the-world.com<\/a><br \/>\n<a href=\"http:\/\/www.medel.com\" target=\"_blank\" rel=\"noopener noreferrer\">www.medel.com<\/a><\/p>\n<\/div><\/div><\/div><\/div><div class=\"wpb_column vc_column_container ab_gold_box\"><div class=\"vc_column-inner\"><div class=\"wpb_text_column ab_resp_gap\"><div class=\"wpb_wrapper\"><h2>Fragebogen zu auditiven Wahrnehmungsst\u00f6rungen<\/h2>\n<\/div><\/div><div class=\"wpb_text_column ab_resp_gap\"><div class=\"wpb_wrapper\"><p>Zu Ihrer Information und zur Erhebung der Vorgeschichte k\u00f6nnen Sie und ev. der Kindergarten\/Schule bereits zu Hause in aller Ruhe den folgenden Fragebogen ausf\u00fcllen.<br \/>\nBitte drucken Sie den Fagebogen aus und bringen ihn ausgef\u00fcllt zur Untersuchung mit.<br \/>\nVielen Dank.<\/p>\n<\/div><\/div><div class=\"g-cols wpb_row via_grid cols_1 laptops-cols_inherit tablets-cols_inherit mobiles-cols_1 valign_top type_default stacking_default\" style=\"--columns-gap:3rem;\"><div class=\"wpb_column vc_column_container ab_resp_gap\"><div class=\"vc_column-inner\"><div class=\"wpb_text_column\"><div class=\"wpb_wrapper\"><p><a class=\"ab_button_light\" href=\"\/wp-content\/uploads\/aktuelles\/avws_fragebogen.pdf\" target=\"blank\" rel=\"noopener noreferrer\">Fragebogen \u00f6ffnen<\/a><\/p>\n<\/div><\/div><\/div><\/div><\/div><\/div><\/div><\/div><\/div><\/section><section class=\"l-section wpb_row height_medium\"><div class=\"l-section-h i-cf\"><div class=\"g-cols vc_row via_grid cols_1-2 laptops-cols_inherit tablets-cols_inherit mobiles-cols_1 valign_top type_default stacking_default\"><div class=\"wpb_column vc_column_container\"><div class=\"vc_column-inner\"><div class=\"w-image align_none us_animate_afl\"><div class=\"w-image-h\"><img decoding=\"async\" width=\"570\" height=\"380\" src=\"https:\/\/www.hno-f.de\/wp-content\/uploads\/2019\/07\/IMG_6211.jpeg\" class=\"attachment-large size-large\" alt=\"\" loading=\"lazy\" srcset=\"https:\/\/www.hno-f.de\/wp-content\/uploads\/2019\/07\/IMG_6211.jpeg 570w, https:\/\/www.hno-f.de\/wp-content\/uploads\/2019\/07\/IMG_6211-300x200.jpeg 300w\" sizes=\"auto, (max-width: 570px) 100vw, 570px\" \/><\/div><\/div><\/div><\/div><div class=\"wpb_column vc_column_container\"><div class=\"vc_column-inner\"><div class=\"wpb_text_column\"><div class=\"wpb_wrapper\"><h2>Hear the World Foundation<\/h2>\n<p>Die Vision der <strong>Hear the World Foundation<\/strong> ist eine Welt, in der jeder Mensch die Chance auf gutes H\u00f6ren hat. Um diese Vision in Realit\u00e4t umzusetzen, unterst\u00fctzt sie weltweit Hilfsprojekte, die bed\u00fcrftigen Menschen und insbesondere Kindern mit H\u00f6rverlust zu besserem H\u00f6ren verhelfen und er\u00f6ffnet ihnen so die Perspektive auf eine bessere Zukunft.<\/p>\n<h3>Sie k\u00f6nnen H\u00f6ren erm\u00f6glichen<\/h3>\n<p>Mit Ihrer Spende erm\u00f6glichen Sie benachteiligten Menschen besseres H\u00f6ren. Denn dank Ihrer Spende k\u00f6nnen wir noch mehr benachteiligten Menschen und insbesondere Kindern auf der ganzen Welt mit leistungsf\u00e4higen H\u00f6rl\u00f6sungen ausstatten und ihnen eine kostenlose h\u00f6rmedizinische Rundumversorgung bieten.<\/p>\n<h3>100 % Ihrer Spende gut investiert<\/h3>\n<p><strong>Hear the World Foundation<\/strong> garantiert jede Spende gezielt und effizient zu nutzen, um gemeinsam mit ihren professionell arbeitenden Projektpartnern auf der ganzen Welt einen nachhaltigen Beitrag zu besserem H\u00f6ren zu leisten. Da die Sonova s\u00e4mtliche administrative Aufw\u00e4nde der Stiftung deckt, kommt Ihre Spende zu 100 Prozent bed\u00fcrftigen Menschen mit H\u00f6rverlust zugute.<\/p>\n<h3>So spenden Sie<\/h3>\n<p>Sie k\u00f6nnen online \u00fcber Paypal oder via Bank\u00fcberweisung \u00a0spenden:<\/p>\n<h3>Konto<strong>:<\/strong><\/h3>\n<p><strong>Hear the World Foundation<br \/>\n<\/strong><br \/>\n<strong>Kontonummer:<\/strong> 230-477384.01U<br \/>\n<strong>IBAN:<\/strong> CH12 0023 0230 4773 8401 U<br \/>\n<strong>SWIFT:<\/strong> UBSWCHZH80A<\/p>\n<p>Die der <strong>Hear the World Foundation<\/strong> anvertrauten Daten werden ausschliesslich zum Zweck der Spende verwendet und nur mit ordnungsgem\u00e4ss akkreditierten Firmen geteilt. (<a href=\"https:\/\/www.hear-the-world.com\/de\/privacy-policy\" target=\"_blank\" rel=\"noopener\">Datenschutz-Richtlinien<\/a> f\u00fcr weitere Informationen.)<\/p>\n<p>Die <strong>Hear the World Foundation<\/strong> ist eine offiziell anerkannte Schweizer Stiftung; Spenden an die Hear the World Foundation sind entsprechend den Regeln des Wohnortes steuerabzugsf\u00e4hig.<\/p>\n<\/div><\/div><\/div><\/div><\/div><\/div><\/section><section class=\"l-section wpb_row height_medium\"><div class=\"l-section-h i-cf\"><div class=\"g-cols vc_row via_grid cols_1 laptops-cols_inherit tablets-cols_inherit mobiles-cols_1 valign_top type_default stacking_default\"><div class=\"wpb_column vc_column_container\"><div class=\"vc_column-inner\"><div class=\"wpb_text_column\"><div class=\"wpb_wrapper\"><h1>Hier finden Sie einige Informationen und Verlinkungen auf externe Seiten<\/h1>\n<div><strong>HNO -Spezial<\/strong><\/div>\n<div><a href=\"http:\/\/www.medizin-online.de\/\" target=\"_blank\" rel=\"noopener noreferrer\">http:\/\/www.medizin-online.de<\/a><\/div>\n<div><a href=\"http:\/\/www.sprachheilpaedagogik.de\/\" target=\"_blank\" rel=\"noopener noreferrer\">http:\/\/www.sprachheilpaedagogik.de<\/a><\/div>\n<div>(Geb\u00e4rdensprache)<\/div>\n<div><a href=\"http:\/\/www.sign-lang.uni-hamburg.de\/\" target=\"_blank\" rel=\"noopener noreferrer\">http:\/\/www.sign-lang.uni-hamburg.de<\/a><\/div>\n<div><strong>Online H\u00f6rtest<\/strong><\/div>\n<div><a href=\"http:\/\/www.hear-the-world.com\/\" target=\"_blank\" rel=\"noopener noreferrer\">http:\/\/www.hear-the-world.com<\/a><\/div>\n<div><a href=\"http:\/\/www.medel.com\/\" target=\"_blank\" rel=\"noopener noreferrer\">http:\/\/www.medel.com<\/a><\/div>\n<div><\/div>\n<div><\/div>\n<div><b>Stottern<\/b><\/div>\n<div><a href=\"http:\/\/www.bvss.de\/\" target=\"_blank\" rel=\"noopener noreferrer\">http:\/\/www.bvss.de<\/a><\/div>\n<div><strong><br \/>\nAllergieinfos<\/strong><\/div>\n<div><strong>Sonstiges<\/strong><br \/>\n<strong>Informationen und Anleitung zum Sprechen f\u00fcr Interessierte und Patienten<br \/>\n<\/strong><br \/>\n<strong>Die Macht der Stimme<\/strong>,<br \/>\nm. Audio-CD Autor: Ingrid Amon ISBN: 3-7064-0686-1 22,90 \u20ac<br \/>\n<strong>Der kleine Hey\/Die Kunst des Sprechens<\/strong><br \/>\nAutor: Julius Hey ISBN: 3-7957-8702-5 14,95 \u20ac<\/div>\n<h2>Adressen sowie Literatur-und Spieleempfehlungen bei St\u00f6rung der auditiven Wahrnehmung und Legasthenie (Lese-Rechtschreib-Schw\u00e4che)<\/h2>\n<div><strong>Elternselbsthilfegruppe des Landesverbandes Hessen<\/strong><\/div>\n<div><strong>Raum Frankfurt<\/strong><\/div>\n<div>Kontakt: Fr.Emmerich Tel: <a href=\"tel:069%20-%2050%2029%2063\">069 \u2013 50 29 63<\/a><\/div>\n<div>Kontakt: W.Kroner Tel: <a href=\"tel:06101%20-%20866%2062\">06101 \u2013 866 62<\/a><\/div>\n<div>E-Mail: <a href=\"mailto:Lega.Hessen.e.V.@t-online.de\" target=\"_blank\" rel=\"noopener noreferrer\">Lega.Hessen.e.V.@t-online.de<\/a><\/div>\n<div>Internet: <a href=\"http:\/\/www.lvl-hessen.de\/\" target=\"_blank\" rel=\"noopener noreferrer\">www.LVL-Hessen.de<\/a><\/div>\n<div><strong>LRS Selbsthilfegruppe Hanau\/Karben und Umgebung<\/strong><\/div>\n<div>Kontakt: Fr. Astrid Volk<\/div>\n<div>c\/o SEKOS Breslauer Str. 19, 63450 Hanau<\/div>\n<div>Tel:06181 \u2013 25 55 00<br \/>\nSEKOS 06181 \u2013 21 319<\/div>\n<div>Fax:06181 \u2013 25 52 60<\/div>\n<div>Internet: <a href=\"http:\/\/www.selbsthilfekontaktstelle.de\/\" target=\"_blank\" rel=\"noopener noreferrer\">www.Selbsthilfekontaktstelle.de<\/a><\/div>\n<div><\/div>\n<div><b>Ratgeber Legasthenie Vorzugsweise im Internet :<\/b><\/div>\n<div><a href=\"http:\/\/www.duden.de\/\" target=\"_blank\" rel=\"noopener noreferrer\">www.duden.de<\/a><\/div>\n<div>siehe:<\/div>\n<div>LERNTHERAPIE<\/div>\n<div>LESE-RECHTSCHREIB-SCHW\u00c4CHE<\/div>\n<div><\/div>\n<div><strong>Literaturempfehlungen und Info im Internet:<\/strong><\/div>\n<div><a href=\"http:\/\/www.schulpsychologie.at\/\" target=\"_blank\" rel=\"noopener noreferrer\">http:\/\/www.schulpsychologie.at\/<\/a> (die Schulpsychologie-Bildungsberatung)<\/div>\n<div><a href=\"http:\/\/www.ohrenspitzer.de\/\" target=\"_blank\" rel=\"noopener noreferrer\">http:\/\/www.ohrenspitzer.de<\/a><\/div>\n<div><a href=\"http:\/\/www.lernfoerderung.de\/\" target=\"_blank\" rel=\"noopener noreferrer\">http:\/\/www.lernfoerderung.de<\/a><\/div>\n<div>\n<h2><\/h2>\n<h2>Spiele und F\u00f6rdermaterial f\u00fcr die auditive Wahrnehmung:<\/h2>\n<p>Allgemein: \u201eRegeln beachten\u201c, \u201e Reihenfolge beachten\u201c, auch: Konzentration und Ausdauer:<br \/>\nKlassische Gesellschaftsspiele, z.B.: Mensch \u00c4rger dich nicht\u201c, Fang den Hut\u201c ,,Obstgarten von HABA\u2018\u2018<br \/>\n\u201eKofferpacken&#8221; (Mitbring- Spiel, Ravensburger)<\/p>\n<p><strong>Ab 4 Jahren:<\/strong><br \/>\nKlang Memo von Schmidt Spiele Art.nr. 29683,<br \/>\nABC-Box von Ravensburger ASIN: B01DZYYK08,<br \/>\nLaute sp\u00fcren-Reime r\u00fchren von Don-Bosco-Verlag ISBN: 9783769818444,<br \/>\nLingoplay 5 Spiele Paket auditive Wahrnehmung Art.nr. 4642, DominoCards \u201eMerkmal\u201c f\u00fcr H\u00f6rmerkspanne von Lingoplay,<br \/>\nBuchstabix Memospiel von HABA, Lustiges Sprechzeichnen Buch v. Nikol Verlag ISBN 9783868201734, Rasselmatz Ger\u00e4uschmemory von Schubi Lernmedien, Klanglotto 1,2 von Schubi Lernmedien, Na logo Spiel von Trialogo, Plappersack Spiel von Trialogo, Detektiv Langohr von Schubi Lernmedien, Geschichtenpuzzle vom Verlag an der Ruhr,<\/p>\n<p><strong>Ab 5 Jahren:<\/strong><br \/>\nLingo Cards z.B. Art.nr. 4116 von Lingoplay, \u201eSchau genau\u201c von Ravensburger ISBN: 9783473412150,<br \/>\n\u201eABC Biber\u201c von Ravensburger ISBN: 9783473412174,<br \/>\n\u201eDer verr\u00fcckte Vorschulplanet\u201c von Ravensburger ISBN: 9783473412198,<br \/>\n\u201eDie Lese-Eule\u201c Spiel von Ravensburger, Klatschspiele-Buch vom Verlag an der Ruhr ISBN 9783834631206,<br \/>\n\u201eWas kommt zuerst?\u201c Spiel von Don Bosco Verlag, \u201eWas geh\u00f6rt zusammen-Anlaut Memory\u201c<br \/>\nASIN: 3834612944 vom Verlag an der Ruhr,<\/p>\n<p><strong>Ab 6 Jahren:<\/strong><br \/>\n\u201eKro-ko-dil\u201c Spiel von Piatnik, Detektiv-horch-Spiel von Piatnik Art.nr. 700309,<br \/>\nW\u00f6rterzauber von Piatnik Art.nr. 7006, \u201eDie Lese-Ratte\u201c Spiel von Ravensburger,<br \/>\n\u201eE-wie Elefant\u201c Spiel von Ravensburger, \u201eMagische W\u00f6rter\u201c Kartenspiel von Piatnik,<br \/>\n\u201eDer gro\u00dfe Silbenzauber-Silbendomino \u201evon Mildenberger, \u201eDer gro\u00dfe Silbenzauber-Kartenspiel\u201c von<br \/>\nMildenberger,<br \/>\n\u201eLustige ABC-Lieder\u201c Buch ISBN 9783619014682, \u201eABC-Zauberduell\u201c Spiel von HABA Art.nr. 4912,<\/p>\n<p><strong>Ab 7 Jahren:<\/strong><br \/>\nScrabble Junior Art.nr. Y9670, \u201eW\u00f6rter legen\u201c Spiel von Schmidt Lehrmittel Art.nr. 36797.<br \/>\n\u201eR\u00e4uber Richtig Lernspielblock\u201c von Ravensburger ISBN 9783473415533, \u201eWort-Maumau\u201c<br \/>\nvon 1A-Spiele Art.nr. 1AS00001,<br \/>\n\u201eDas Rechtschreib-Quartett\u201c von Imopad ISBN: 9783403200062, \u201eDer gro\u00dfe Silbenzauber-Silbenrennen\u201c Spiel von Mildenberger ISBN 9783619142125, \u201eDer gro\u00dfe Silbenzauber-Silbenqadrat\u201c Spiel von Mildenberger ISBN<br \/>\n9783619142132, Schubitrix Lesef\u00f6rderung-Spiel von Schubilernmedien,<\/p>\n<p>Spukefix hilft h\u00f6ren (Buch mit CD, vor allem f\u00fcr Eltern) ISBN: 3-209-02574-6<br \/>\nBuchtipp ,,Lese Rabe\u2018\u2018 von Ravensburger<\/p>\n<h2><\/h2>\n<\/div>\n<h2><b>Hilfegruppen<\/b><\/h2>\n<div><strong>Deutsche Tinnitus-Liga e.V.<\/strong><\/div>\n<div>Postfach 349<\/div>\n<div>42353 Wuppertal<\/div>\n<div>Am Lohsiepen 18, Wuppertal-Ronsdorf<\/div>\n<div>Telefon: (0202) 24 65 2-0 (Zentrale)<\/div>\n<div>Telefax: (0202) 46 70 932<\/div>\n<div><a href=\"http:\/\/www.tinnitus-liga.de\/\" target=\"_blank\" rel=\"noopener noreferrer\">www.tinnitus-liga.de<\/a><\/div>\n<div><\/div>\n<div><strong>Selbsthilfevereinigung f\u00fcr Lippen-Gaumen-Fehlbildungen e.V.<\/strong><\/div>\n<div>Wolfgang Rosenthal Gesellschaft<\/div>\n<div>35625 H\u00fcttenberg<\/div>\n<div>Hauptstr. 184<\/div>\n<div>Tel. 0 64 03\/55 75<\/div>\n<div>FAX: 0 64 03\/92 67 2<\/div>\n<div><\/div>\n<div><strong>Bundesverband f\u00fcr K\u00f6rper- und Mehrfachbehinderte e.V.<\/strong><\/div>\n<div>40239 D\u00fcsseldorf<\/div>\n<div>Brehmstr. 5-7<\/div>\n<div>Tel. 02 11\/6 40 04-0<\/div>\n<div>FAX: 6 40 04-20<\/div>\n<div><\/div>\n<div><strong>Aktion Sonnenschein<\/strong><\/div>\n<div>Hilfe f\u00fcr das mehrfachbehinderte Kind e.V.<\/div>\n<div>81377 M\u00fcnchen<\/div>\n<div>Heiglhofstr. 63<\/div>\n<div>Tel. 0 89\/7 10 09-0<\/div>\n<div>FAX: 7 19 36-10<\/div>\n<div><\/div>\n<div><strong>Stiftung \u201cHilfswerk f\u00fcr behinderte Kinder\u201d<\/strong><\/div>\n<div>53179 Bonn<\/div>\n<div>Ludwig-Erhard-Platz 1<\/div>\n<div>Tel. 02 28\/83 1-0<\/div>\n<div>\n<p>FAX: 8 31-26 55<\/p>\n<\/div>\n<div><strong>Lernen f\u00f6rdern \u2013 Bundesverband zur F\u00f6rderung Lernbehinderter e.V.<\/strong><\/div>\n<div>Gerbertstr. 17<\/div>\n<div>70178 Stuttgart<\/div>\n<div>Tel. 07 11\/633 84 38<\/div>\n<div>FAX: 07 11\/633 84 39<\/div>\n<div><\/div>\n<div><strong>Bundesverband Hilfe f\u00fcr das Autistische Kind \u2013 Verein z. F\u00f6rderung autistischer Menschen e.V.<\/strong><\/div>\n<div>22297 Hamburg<\/div>\n<div>Bebelallee 141<\/div>\n<div>Tel. 0 40\/511 56 04<\/div>\n<div>FAX: 5 11 08 13<\/div>\n<div><\/div>\n<div><strong>Bundesverband der Organtransplantierten e.V.<\/strong><\/div>\n<div>47137 Duisburg<\/div>\n<div>Unter den Ulmen 98<\/div>\n<div>Tel. 02 03\/44 20 10<\/div>\n<div>FAX: 44 21 27<\/div>\n<div><\/div>\n<div><strong>Deutscher Schwerh\u00f6rigenbund e.V.<\/strong><\/div>\n<div>10187 Berlin<\/div>\n<div>Breite Str. 23<\/div>\n<div>Tel. 0 30\/49 91 49 32<\/div>\n<div>FAX: 0 30\/47 54 11 14<\/div>\n<div><\/div>\n<div><strong>Bundesvereinigung Stotterer-Selbsthilfe e.V.<\/strong><\/div>\n<div>50674 K\u00f6ln<\/div>\n<div>Z\u00fclpicher Str. 58<\/div>\n<div><a href=\"http:\/\/www.bvss.de\/\" target=\"_blank\" rel=\"noopener noreferrer\">www.bvss.de<\/a><\/div>\n<div><\/div>\n<\/div><\/div><\/div><\/div><\/div><\/div><\/section>\n","protected":false},"excerpt":{"rendered":"Machen Sie einen Online-H\u00f6rtest von zu Hause. Sie brauchen nur einen Computer mit Audioausgabe und einen Internetzugang und schon k\u00f6nnen Sie einen H\u00f6rtest machen. Klicken Sie dazu auf einen der folgenden Links. www.hear-the-world.com www.medel.com Fragebogen zu auditiven Wahrnehmungsst\u00f6rungen Zu Ihrer Information und zur Erhebung der Vorgeschichte k\u00f6nnen Sie und ev. der Kindergarten\/Schule bereits zu Hause...","protected":false},"author":1,"featured_media":0,"parent":0,"menu_order":0,"comment_status":"closed","ping_status":"open","template":"","meta":{"footnotes":""},"class_list":["post-1596","page","type-page","status-publish","hentry"],"_links":{"self":[{"href":"https:\/\/www.hno-f.de\/en\/wp-json\/wp\/v2\/pages\/1596","targetHints":{"allow":["GET"]}}],"collection":[{"href":"https:\/\/www.hno-f.de\/en\/wp-json\/wp\/v2\/pages"}],"about":[{"href":"https:\/\/www.hno-f.de\/en\/wp-json\/wp\/v2\/types\/page"}],"author":[{"embeddable":true,"href":"https:\/\/www.hno-f.de\/en\/wp-json\/wp\/v2\/users\/1"}],"replies":[{"embeddable":true,"href":"https:\/\/www.hno-f.de\/en\/wp-json\/wp\/v2\/comments?post=1596"}],"version-history":[{"count":1,"href":"https:\/\/www.hno-f.de\/en\/wp-json\/wp\/v2\/pages\/1596\/revisions"}],"predecessor-version":[{"id":1597,"href":"https:\/\/www.hno-f.de\/en\/wp-json\/wp\/v2\/pages\/1596\/revisions\/1597"}],"wp:attachment":[{"href":"https:\/\/www.hno-f.de\/en\/wp-json\/wp\/v2\/media?parent=1596"}],"curies":[{"name":"wp","href":"https:\/\/api.w.org\/{rel}","templated":true}]}}