{"id":1756,"date":"2022-05-02T13:04:45","date_gmt":"2022-05-02T11:04:45","guid":{"rendered":"https:\/\/www.hno-f.de\/dr-altnoeder-schmidt\/"},"modified":"2023-12-11T20:12:12","modified_gmt":"2023-12-11T19:12:12","slug":"dr-altnoeder-schmidt","status":"publish","type":"page","link":"https:\/\/www.hno-f.de\/en\/dr-altnoeder-schmidt\/","title":{"rendered":"Dr. Altn\u00f6der-Schmidt"},"content":{"rendered":"<section class=\"l-section wpb_row height_medium parallax_fixed\"><div class=\"l-section-h i-cf\"><div class=\"g-cols vc_row via_grid cols_1-2 laptops-cols_inherit tablets-cols_inherit mobiles-cols_1 valign_top type_default stacking_default\"><div class=\"wpb_column vc_column_container\"><div class=\"vc_column-inner\"><div class=\"w-image align_none\"><div class=\"w-image-h\"><img decoding=\"async\" width=\"683\" height=\"1024\" src=\"https:\/\/www.hno-f.de\/wp-content\/uploads\/2023\/12\/altnoeder-schmidt.jpg\" class=\"attachment-large size-large\" alt=\"\" loading=\"lazy\" srcset=\"https:\/\/www.hno-f.de\/wp-content\/uploads\/2023\/12\/altnoeder-schmidt.jpg 683w, https:\/\/www.hno-f.de\/wp-content\/uploads\/2023\/12\/altnoeder-schmidt-200x300.jpg 200w\" sizes=\"auto, (max-width: 683px) 100vw, 683px\" \/><\/div><\/div><\/div><\/div><div class=\"wpb_column vc_column_container\"><div class=\"vc_column-inner\"><div class=\"wpb_text_column\"><div class=\"wpb_wrapper\"><h2>Dr. Altn\u00f6der-Schmidt<\/h2>\n<h3>Specialist for ENT medicine, state-certified speech therapist<\/h3>\n<\/div><\/div><div class=\"wpb_text_column\"><div class=\"wpb_wrapper\"><p><strong>Curriculum Vitae<\/strong><\/p>\n<ul>\n<li>1998 &#8211; 2001: Ausbildung zur staatl. gepr\u00fcften Logop\u00e4din, Bad Lippspringe<\/li>\n<li>2001 &#8211; 2008: Studium Humanmedizin Universit\u00e4t Giessen<\/li>\n<li>2008 &#8211; 2010: Assistenz\u00e4rztin in den St\u00e4dtischen Kliniken Frankfurt &#8211; H\u00f6chst (HNO)<\/li>\n<li>2010 &#8211; 2014: Assistenz\u00e4rztin in der HSK Wiesbaden HNO<\/li>\n<li>2016 &#8211; 2018: t\u00e4tig als niedergelassenen \u00c4rztin in der HNO Praxis Dr. med. Demirbas<\/li>\n<li>2018 &#8211; 2020: t\u00e4tig als niedergelassene Fach\u00e4rztin in der BAG Dr. med. Theissen und Dr. med. Tuna<\/li>\n<li>Dissertation: \u201eDie spezifische bronchiale Allergenprovokation im Kindesalter. Etablierung und Validierung eines Provokationssystems mithilfe der Impulsoszillometrie.\u201c<\/li>\n<\/ul>\n<\/div><\/div><\/div><\/div><\/div><\/div><\/section><section class=\"l-section wpb_row height_auto\"><div class=\"l-section-h i-cf\"><div class=\"g-cols vc_row via_grid cols_2 laptops-cols_inherit tablets-cols_inherit mobiles-cols_1 valign_top type_default stacking_default\"><div class=\"wpb_column vc_column_container\"><div class=\"vc_column-inner\"><div class=\"wpb_text_column\"><div class=\"wpb_wrapper\"><blockquote>\n<p><em>Dear patients,<br \/>\nFrom 01.01.2024, I will be working as an independent specialist in the T\u00f6ngesgasse joint practice. I will be sharing half of the ENT-Practice with Dr. Erb.<\/em><\/p>\n<p><em>I look forward to welcoming you to my consultation!<\/em><br \/>\n<em>Dr. med. Grit Altn\u00f6der-Schmidt<\/em><\/p>\n<\/blockquote>\n<\/div><\/div><div class=\"w-separator size_custom\" style=\"height:30px\"><\/div><div class=\"wpb_text_column ab_doc_box_innen\"><div class=\"wpb_wrapper\"><p><strong>Memberships<\/strong><\/p>\n<ul>\n<li>Deutsche Gesellschaft f\u00fcr Hals-Nasen-Ohren-Heilkunde, Kopf- und Hals-Chirurgie e.V.<\/li>\n<\/ul>\n<\/div><\/div><div class=\"w-separator size_custom\" style=\"height:30px\"><\/div><div class=\"w-image align_none\"><div class=\"w-image-h\"><img decoding=\"async\" width=\"1024\" height=\"180\" src=\"https:\/\/www.hno-f.de\/wp-content\/uploads\/2023\/12\/Medithek-Logo-1024x180.png\" class=\"attachment-large size-large\" alt=\"\" loading=\"lazy\" srcset=\"https:\/\/www.hno-f.de\/wp-content\/uploads\/2023\/12\/Medithek-Logo-1024x180.png 1024w, https:\/\/www.hno-f.de\/wp-content\/uploads\/2023\/12\/Medithek-Logo-300x53.png 300w, https:\/\/www.hno-f.de\/wp-content\/uploads\/2023\/12\/Medithek-Logo.png 1140w\" sizes=\"auto, (max-width: 1024px) 100vw, 1024px\" \/><\/div><\/div><\/div><\/div><div class=\"wpb_column vc_column_container ab_doc_box\"><div class=\"vc_column-inner\"><div class=\"wpb_text_column ab_doc_box_innen\"><div class=\"wpb_wrapper\"><h3>Office hours*<\/h3>\n<table width=\"350\">\n<tbody>\n<tr>\n<td width=\"70\">Montag:<\/td>\n<td width=\"320\">08:45 AM to 16:00 PM<\/td>\n<\/tr>\n<tr>\n<td>Mittwoch:<\/td>\n<td>08:45 AM to 12:30 PM<\/td>\n<\/tr>\n<tr>\n<td>Donnerstag:<\/td>\n<td>08:45 AM to 12:30 PM<\/td>\n<\/tr>\n<tr>\n<td>Freitag:<\/td>\n<td>08:45 AM to 12:30 PM<\/td>\n<\/tr>\n<\/tbody>\n<\/table>\n<p>Otherwise, appointments are available by appointment.<\/p>\n<\/div><\/div><div class=\"w-separator size_custom\" style=\"height:10px\"><\/div><div class=\"wpb_text_column ab_doc_box_innen\"><div class=\"wpb_wrapper\"><p>Book your appointment now!<br \/>\nClick the button.<\/p>\n<p style=\"text-align: left;\"><a class=\"ab_button_light\" href=\"https:\/\/www.doctolib.de\/facharzt-fur-hno\/frankfurt-am-main\/grit-altnoeder-schmidt\" target=\"_blank\" rel=\"noopener\">English speaking patient**<\/a><\/p>\n<\/div><\/div><div class=\"w-separator size_custom\" style=\"height:30px\"><\/div><div class=\"wpb_text_column ab_doc_box_innen\"><div class=\"wpb_wrapper\"><div class=\"wpb_text_column ab_doc_box_innen\">\n<div class=\"wpb_wrapper\">\n<p>*Our aim is to have sufficient time for you and your children, which is why we accept patients by appointment only. However, in emergency cases we do our best to find an appointment as soon as possible.<\/p>\n<\/div>\n<\/div>\n<\/div><\/div><div class=\"wpb_text_column ab_doc_box_innen\"><div class=\"wpb_wrapper\"><p>**Appointments after hours are possible, please contact us.<\/p>\n<\/div><\/div><\/div><\/div><\/div><\/div><\/section><section class=\"l-section wpb_row height_medium\"><div class=\"l-section-h i-cf\"><div class=\"g-cols vc_row via_grid cols_1 laptops-cols_inherit tablets-cols_inherit mobiles-cols_1 valign_top type_default stacking_default\"><div class=\"wpb_column vc_column_container\"><div class=\"vc_column-inner\"><div class=\"w-separator size_custom\" style=\"height:40px\"><\/div><\/div><\/div><\/div><\/div><\/section>\n","protected":false},"excerpt":{"rendered":"Dr. Altn\u00f6der-Schmidt Specialist for ENT medicine, state-certified speech therapist Curriculum Vitae 1998 &#8211; 2001: Ausbildung zur staatl. gepr\u00fcften Logop\u00e4din, Bad Lippspringe 2001 &#8211; 2008: Studium Humanmedizin Universit\u00e4t Giessen 2008 &#8211; 2010: Assistenz\u00e4rztin in den St\u00e4dtischen Kliniken Frankfurt &#8211; H\u00f6chst (HNO) 2010 &#8211; 2014: Assistenz\u00e4rztin in der HSK Wiesbaden HNO 2016 &#8211; 2018: t\u00e4tig als niedergelassenen...","protected":false},"author":1,"featured_media":0,"parent":0,"menu_order":0,"comment_status":"closed","ping_status":"closed","template":"","meta":{"footnotes":""},"class_list":["post-1756","page","type-page","status-publish","hentry"],"_links":{"self":[{"href":"https:\/\/www.hno-f.de\/en\/wp-json\/wp\/v2\/pages\/1756","targetHints":{"allow":["GET"]}}],"collection":[{"href":"https:\/\/www.hno-f.de\/en\/wp-json\/wp\/v2\/pages"}],"about":[{"href":"https:\/\/www.hno-f.de\/en\/wp-json\/wp\/v2\/types\/page"}],"author":[{"embeddable":true,"href":"https:\/\/www.hno-f.de\/en\/wp-json\/wp\/v2\/users\/1"}],"replies":[{"embeddable":true,"href":"https:\/\/www.hno-f.de\/en\/wp-json\/wp\/v2\/comments?post=1756"}],"version-history":[{"count":10,"href":"https:\/\/www.hno-f.de\/en\/wp-json\/wp\/v2\/pages\/1756\/revisions"}],"predecessor-version":[{"id":1944,"href":"https:\/\/www.hno-f.de\/en\/wp-json\/wp\/v2\/pages\/1756\/revisions\/1944"}],"wp:attachment":[{"href":"https:\/\/www.hno-f.de\/en\/wp-json\/wp\/v2\/media?parent=1756"}],"curies":[{"name":"wp","href":"https:\/\/api.w.org\/{rel}","templated":true}]}}